{"id":174,"date":"2021-07-21T15:56:02","date_gmt":"2021-07-21T15:56:02","guid":{"rendered":"https:\/\/seafarer.qodeinteractive.com\/?page_id=174"},"modified":"2023-12-11T15:20:40","modified_gmt":"2023-12-11T14:20:40","slug":"news-presse","status":"publish","type":"page","link":"https:\/\/www.mediaco48.com\/en\/news-presse\/","title":{"rendered":"News &amp; Press"},"content":{"rendered":"<div data-elementor-type=\"wp-page\" data-elementor-id=\"174\" class=\"elementor elementor-174\" data-elementor-post-type=\"page\">\n\t\t\t\t\t\t\t<div class=\"elementor-element elementor-element-22f3708 e-con-full e-flex e-con e-parent\" data-id=\"22f3708\" data-element_type=\"container\" data-settings=\"{&quot;content_width&quot;:&quot;full&quot;}\" data-core-v316-plus=\"true\">\n\t\t\t\t<div class=\"elementor-element elementor-element-6a76072 elementor-widget elementor-widget-seafarer_core_section_title\" data-id=\"6a76072\" data-element_type=\"widget\" data-widget_type=\"seafarer_core_section_title.default\">\n\t\t\t\t<div class=\"elementor-widget-container\">\n\t\t\t<div class=\"qodef-shortcode qodef-m  qodef-section-title qodef-alignment--center\">\n\t\t<div class=\"qodef-m-content\">\n\t\t    <span class=\"qodef-m-background-text\" style=\"color: #B9BABD\">\n    NEWS    <\/span>\n\n\t\t    <h6 class=\"qodef-m-subtitle\" style=\"color: #B28C16\">\n    MEDYACHT    <\/h6>\n\t\t\t<h1 class=\"qodef-m-title\" style=\"color: #141315\">\n\t\t\t\t\tNEWS &amp; PRESS\t\t\t<\/h1>\n\t\t\t<\/div>\n<\/div>\n\t\t<\/div>\n\t\t\t\t<\/div>\n\t\t\t\t<\/div>\n\t\t\t\t<section class=\"elementor-section elementor-top-section elementor-element elementor-element-30c5377 elementor-section-boxed elementor-section-height-default elementor-section-height-default qodef-elementor-content-no\" data-id=\"30c5377\" data-element_type=\"section\">\n\t\t\t\t\t\t<div class=\"elementor-container elementor-column-gap-default\">\n\t\t\t\t\t<div class=\"elementor-column elementor-col-100 elementor-top-column elementor-element elementor-element-6e7f49c\" data-id=\"6e7f49c\" data-element_type=\"column\">\n\t\t\t<div class=\"elementor-widget-wrap elementor-element-populated\">\n\t\t\t\t\t\t\t\t<div class=\"elementor-element elementor-element-841181b elementor-widget elementor-widget-seafarer_core_blog_list\" data-id=\"841181b\" data-element_type=\"widget\" data-widget_type=\"seafarer_core_blog_list.default\">\n\t\t\t\t<div class=\"elementor-widget-container\">\n\t\t\t<div class=\"qodef-shortcode qodef-m  qodef-blog qodef--list qodef-item-layout--standard qodef-grid qodef-layout--columns  qodef-gutter--medium qodef-col-num--2 qodef-item-layout--standard qodef-pagination--on qodef-pagination-type--standard qodef-responsive--predefined\" data-options=\"{&quot;plugin&quot;:&quot;seafarer_core&quot;,&quot;module&quot;:&quot;blog\\\/shortcodes&quot;,&quot;shortcode&quot;:&quot;blog-list&quot;,&quot;post_type&quot;:&quot;post&quot;,&quot;next_page&quot;:&quot;2&quot;,&quot;max_pages_num&quot;:4,&quot;behavior&quot;:&quot;columns&quot;,&quot;images_proportion&quot;:&quot;full&quot;,&quot;columns&quot;:&quot;2&quot;,&quot;columns_responsive&quot;:&quot;predefined&quot;,&quot;space&quot;:&quot;medium&quot;,&quot;posts_per_page&quot;:&quot;4&quot;,&quot;orderby&quot;:&quot;date&quot;,&quot;order&quot;:&quot;ASC&quot;,&quot;layout&quot;:&quot;standard&quot;,&quot;title_tag&quot;:&quot;h2&quot;,&quot;excerpt_length&quot;:&quot;465&quot;,&quot;pagination_type&quot;:&quot;standard&quot;,&quot;object_class_name&quot;:&quot;SeafarerCore_Blog_List_Shortcode&quot;,&quot;taxonomy_filter&quot;:&quot;category&quot;,&quot;additional_query_args&quot;:[],&quot;space_value&quot;:20}\">\n\t\t<div class=\"qodef-grid-inner clear\">\n\t\t<article class=\"qodef-e qodef-blog-item qodef-grid-item qodef-item--full post-1920 post type-post status-publish format-standard has-post-thumbnail hentry category-presse\">\n\t<div class=\"qodef-e-inner\">\n\t\t<div class=\"qodef-e-media\">\n\t\t<div class=\"qodef-e-media-image\">\n\t\t<span class=\"qodef-m-border--top-left\"><\/span>\n\t\t<span class=\"qodef-m-border--bottom-right\"><\/span>\n\t\t<a itemprop=\"url\" href=\"https:\/\/www.mediaco48.com\/en\/day-boat-luxe-a-la-francaise\/\">\n\t\t\t<img fetchpriority=\"high\" decoding=\"async\" width=\"1423\" height=\"1008\" src=\"https:\/\/www.mediaco48.com\/wp-content\/uploads\/2021\/07\/day-boat-luxe-francaise-1.webp\" class=\"attachment-full size-full wp-post-image\" alt=\"Le Day-Boat de luxe \u00e0 la Fran\u00e7aise\" srcset=\"https:\/\/www.mediaco48.com\/wp-content\/uploads\/2021\/07\/day-boat-luxe-francaise-1.webp 1423w, https:\/\/www.mediaco48.com\/wp-content\/uploads\/2021\/07\/day-boat-luxe-francaise-1-300x213.webp 300w, https:\/\/www.mediaco48.com\/wp-content\/uploads\/2021\/07\/day-boat-luxe-francaise-1-1024x725.webp 1024w, https:\/\/www.mediaco48.com\/wp-content\/uploads\/2021\/07\/day-boat-luxe-francaise-1-768x544.webp 768w\" sizes=\"(max-width: 1423px) 100vw, 1423px\" \/>\t\t<\/a>\n\t<\/div>\n<\/div>\n\t\t<div class=\"qodef-e-content\">\n\t\t\t<div class=\"qodef-e-top-holder\">\n\t\t\t\t<div class=\"qodef-e-info\">\n\t\t\t\t\t<a itemprop=\"dateCreated\" href=\"https:\/\/www.mediaco48.com\/en\/2023\/12\/\" class=\"entry-date\">\n\t11 December 2023<\/a><div class=\"qodef-info-separator-end\"><\/div><a href=\"https:\/\/www.mediaco48.com\/en\/news-presse\/presse\/\" rel=\"tag\">Press<\/a><div class=\"qodef-info-separator-end\"><\/div>\t\t\t\t<\/div>\n\t\t\t<\/div>\n\t\t\t<div class=\"qodef-e-text\">\n\t\t\t\t<h2 itemprop=\"name\" class=\"qodef-e-title entry-title\" >\n\t<a itemprop=\"url\" class=\"qodef-e-title-link\" href=\"https:\/\/www.mediaco48.com\/en\/day-boat-luxe-a-la-francaise\/\">\n\t\tLuxury day-boat\t<\/a>\n<\/h2>\n\t\t<p itemprop=\"description\" class=\"qodef-e-excerpt\">Get an exclusive sneak peek at the first trials of the Med42. In its issue number 299, Neptune magazine delved into the detailed performance review of this new day-boat.<\/p>\n\t\t\t\t<\/div>\n\t\t\t<div class=\"qodef-e-bottom-holder\">\n\t\t\t\t<div class=\"qodef-e-left\">\n\t\t\t\t\t\t<div class=\"qodef-e-read-more\">\n\t\t<a class=\"qodef-shortcode qodef-m  qodef-button qodef-layout--textual  qodef-html--link\" href=\"https:\/\/www.mediaco48.com\/en\/day-boat-luxe-a-la-francaise\/\" target=\"_self\"  >\t<span class=\"qodef-m-text\">Read more<\/span>            <span class=\"qodef-m-icon\"> <span class=\"qodef-icon-linear-icons lnr-arrow-right lnr\" ><\/span> <\/span>        <\/a>\t<\/div>\n\t\t\t\t<\/div>\n\t\t\t<\/div>\n\t\t<\/div>\n\t<\/div>\n<\/article>\n<article class=\"qodef-e qodef-blog-item qodef-grid-item qodef-item--full post-6709 post type-post status-publish format-standard has-post-thumbnail hentry category-presse\">\n\t<div class=\"qodef-e-inner\">\n\t\t<div class=\"qodef-e-media\">\n\t\t<div class=\"qodef-e-media-image\">\n\t\t<span class=\"qodef-m-border--top-left\"><\/span>\n\t\t<span class=\"qodef-m-border--bottom-right\"><\/span>\n\t\t<a itemprop=\"url\" href=\"https:\/\/www.mediaco48.com\/en\/medyacht-succes-francais\/\">\n\t\t\t<img decoding=\"async\" width=\"1423\" height=\"1008\" src=\"https:\/\/www.mediaco48.com\/wp-content\/uploads\/2023\/12\/medyacht-succes-francais-3.webp\" class=\"attachment-full size-full wp-post-image\" alt=\"\" srcset=\"https:\/\/www.mediaco48.com\/wp-content\/uploads\/2023\/12\/medyacht-succes-francais-3.webp 1423w, https:\/\/www.mediaco48.com\/wp-content\/uploads\/2023\/12\/medyacht-succes-francais-3-300x213.webp 300w, https:\/\/www.mediaco48.com\/wp-content\/uploads\/2023\/12\/medyacht-succes-francais-3-1024x725.webp 1024w, https:\/\/www.mediaco48.com\/wp-content\/uploads\/2023\/12\/medyacht-succes-francais-3-768x544.webp 768w\" sizes=\"(max-width: 1423px) 100vw, 1423px\" \/>\t\t<\/a>\n\t<\/div>\n<\/div>\n\t\t<div class=\"qodef-e-content\">\n\t\t\t<div class=\"qodef-e-top-holder\">\n\t\t\t\t<div class=\"qodef-e-info\">\n\t\t\t\t\t<a itemprop=\"dateCreated\" href=\"https:\/\/www.mediaco48.com\/en\/2023\/12\/\" class=\"entry-date\">\n\t11 December 2023<\/a><div class=\"qodef-info-separator-end\"><\/div><a href=\"https:\/\/www.mediaco48.com\/en\/news-presse\/presse\/\" rel=\"tag\">Press<\/a><div class=\"qodef-info-separator-end\"><\/div>\t\t\t\t<\/div>\n\t\t\t<\/div>\n\t\t\t<div class=\"qodef-e-text\">\n\t\t\t\t<h2 itemprop=\"name\" class=\"qodef-e-title entry-title\" >\n\t<a itemprop=\"url\" class=\"qodef-e-title-link\" href=\"https:\/\/www.mediaco48.com\/en\/medyacht-succes-francais\/\">\n\t\tMedYacht, a French Success\t<\/a>\n<\/h2>\n\t\t<p itemprop=\"description\" class=\"qodef-e-excerpt\">Neptune magazine featured an article in its April 2021 issue about the trend of day-boats. MedYacht is among the 15 brands shaping the market.<\/p>\n\t\t\t\t<\/div>\n\t\t\t<div class=\"qodef-e-bottom-holder\">\n\t\t\t\t<div class=\"qodef-e-left\">\n\t\t\t\t\t\t<div class=\"qodef-e-read-more\">\n\t\t<a class=\"qodef-shortcode qodef-m  qodef-button qodef-layout--textual  qodef-html--link\" href=\"https:\/\/www.mediaco48.com\/en\/medyacht-succes-francais\/\" target=\"_self\"  >\t<span class=\"qodef-m-text\">Read more<\/span>            <span class=\"qodef-m-icon\"> <span class=\"qodef-icon-linear-icons lnr-arrow-right lnr\" ><\/span> <\/span>        <\/a>\t<\/div>\n\t\t\t\t<\/div>\n\t\t\t<\/div>\n\t\t<\/div>\n\t<\/div>\n<\/article>\n<article class=\"qodef-e qodef-blog-item qodef-grid-item qodef-item--full post-6731 post type-post status-publish format-standard has-post-thumbnail hentry category-presse\">\n\t<div class=\"qodef-e-inner\">\n\t\t<div class=\"qodef-e-media\">\n\t\t<div class=\"qodef-e-media-image\">\n\t\t<span class=\"qodef-m-border--top-left\"><\/span>\n\t\t<span class=\"qodef-m-border--bottom-right\"><\/span>\n\t\t<a itemprop=\"url\" href=\"https:\/\/www.mediaco48.com\/en\/med52-french-touch\/\">\n\t\t\t<img decoding=\"async\" width=\"1423\" height=\"1008\" src=\"https:\/\/www.mediaco48.com\/wp-content\/uploads\/2023\/12\/med52-french-touch-3.webp\" class=\"attachment-full size-full wp-post-image\" alt=\"Med52, la french touch.\" srcset=\"https:\/\/www.mediaco48.com\/wp-content\/uploads\/2023\/12\/med52-french-touch-3.webp 1423w, https:\/\/www.mediaco48.com\/wp-content\/uploads\/2023\/12\/med52-french-touch-3-300x213.webp 300w, https:\/\/www.mediaco48.com\/wp-content\/uploads\/2023\/12\/med52-french-touch-3-1024x725.webp 1024w, https:\/\/www.mediaco48.com\/wp-content\/uploads\/2023\/12\/med52-french-touch-3-768x544.webp 768w\" sizes=\"(max-width: 1423px) 100vw, 1423px\" \/>\t\t<\/a>\n\t<\/div>\n<\/div>\n\t\t<div class=\"qodef-e-content\">\n\t\t\t<div class=\"qodef-e-top-holder\">\n\t\t\t\t<div class=\"qodef-e-info\">\n\t\t\t\t\t<a itemprop=\"dateCreated\" href=\"https:\/\/www.mediaco48.com\/en\/2023\/12\/\" class=\"entry-date\">\n\t11 December 2023<\/a><div class=\"qodef-info-separator-end\"><\/div><a href=\"https:\/\/www.mediaco48.com\/en\/news-presse\/presse\/\" rel=\"tag\">Press<\/a><div class=\"qodef-info-separator-end\"><\/div>\t\t\t\t<\/div>\n\t\t\t<\/div>\n\t\t\t<div class=\"qodef-e-text\">\n\t\t\t\t<h2 itemprop=\"name\" class=\"qodef-e-title entry-title\" >\n\t<a itemprop=\"url\" class=\"qodef-e-title-link\" href=\"https:\/\/www.mediaco48.com\/en\/med52-french-touch\/\">\n\t\tMED52 &#8211; French Touch\t<\/a>\n<\/h2>\n\t\t<p itemprop=\"description\" class=\"qodef-e-excerpt\">Expanding upon the spirit of its predecessors, the 45 and 48-foot models, the Med52 firmly establishes the French brand as one of the leading names in the sector of high-end, large open yachts.<\/p>\n\t\t\t\t<\/div>\n\t\t\t<div class=\"qodef-e-bottom-holder\">\n\t\t\t\t<div class=\"qodef-e-left\">\n\t\t\t\t\t\t<div class=\"qodef-e-read-more\">\n\t\t<a class=\"qodef-shortcode qodef-m  qodef-button qodef-layout--textual  qodef-html--link\" href=\"https:\/\/www.mediaco48.com\/en\/med52-french-touch\/\" target=\"_self\"  >\t<span class=\"qodef-m-text\">Read more<\/span>            <span class=\"qodef-m-icon\"> <span class=\"qodef-icon-linear-icons lnr-arrow-right lnr\" ><\/span> <\/span>        <\/a>\t<\/div>\n\t\t\t\t<\/div>\n\t\t\t<\/div>\n\t\t<\/div>\n\t<\/div>\n<\/article>\n<article class=\"qodef-e qodef-blog-item qodef-grid-item qodef-item--full post-6773 post type-post status-publish format-standard has-post-thumbnail hentry category-presse\">\n\t<div class=\"qodef-e-inner\">\n\t\t<div class=\"qodef-e-media\">\n\t\t<div class=\"qodef-e-media-image\">\n\t\t<span class=\"qodef-m-border--top-left\"><\/span>\n\t\t<span class=\"qodef-m-border--bottom-right\"><\/span>\n\t\t<a itemprop=\"url\" href=\"https:\/\/www.mediaco48.com\/en\/med48-version-3-0\/\">\n\t\t\t<img loading=\"lazy\" decoding=\"async\" width=\"1423\" height=\"1008\" src=\"https:\/\/www.mediaco48.com\/wp-content\/uploads\/2023\/12\/med48-version-3.0.webp\" class=\"attachment-full size-full wp-post-image\" alt=\"Le Med48 de MEDYACHT\" srcset=\"https:\/\/www.mediaco48.com\/wp-content\/uploads\/2023\/12\/med48-version-3.0.webp 1423w, https:\/\/www.mediaco48.com\/wp-content\/uploads\/2023\/12\/med48-version-3.0-300x213.webp 300w, https:\/\/www.mediaco48.com\/wp-content\/uploads\/2023\/12\/med48-version-3.0-1024x725.webp 1024w, https:\/\/www.mediaco48.com\/wp-content\/uploads\/2023\/12\/med48-version-3.0-768x544.webp 768w\" sizes=\"(max-width: 1423px) 100vw, 1423px\" \/>\t\t<\/a>\n\t<\/div>\n<\/div>\n\t\t<div class=\"qodef-e-content\">\n\t\t\t<div class=\"qodef-e-top-holder\">\n\t\t\t\t<div class=\"qodef-e-info\">\n\t\t\t\t\t<a itemprop=\"dateCreated\" href=\"https:\/\/www.mediaco48.com\/en\/2023\/12\/\" class=\"entry-date\">\n\t11 December 2023<\/a><div class=\"qodef-info-separator-end\"><\/div><a href=\"https:\/\/www.mediaco48.com\/en\/news-presse\/presse\/\" rel=\"tag\">Press<\/a><div class=\"qodef-info-separator-end\"><\/div>\t\t\t\t<\/div>\n\t\t\t<\/div>\n\t\t\t<div class=\"qodef-e-text\">\n\t\t\t\t<h2 itemprop=\"name\" class=\"qodef-e-title entry-title\" >\n\t<a itemprop=\"url\" class=\"qodef-e-title-link\" href=\"https:\/\/www.mediaco48.com\/en\/med48-version-3-0\/\">\n\t\tMED48 &#8211; Version 3.0\t<\/a>\n<\/h2>\n\t\t<p itemprop=\"description\" class=\"qodef-e-excerpt\">Launched in 2011 at the Cannes Boat Show under the name Med45, later evolving into Med48, the third version of this powerful open yacht now adorns a new look.<\/p>\n\t\t\t\t<\/div>\n\t\t\t<div class=\"qodef-e-bottom-holder\">\n\t\t\t\t<div class=\"qodef-e-left\">\n\t\t\t\t\t\t<div class=\"qodef-e-read-more\">\n\t\t<a class=\"qodef-shortcode qodef-m  qodef-button qodef-layout--textual  qodef-html--link\" href=\"https:\/\/www.mediaco48.com\/en\/med48-version-3-0\/\" target=\"_self\"  >\t<span class=\"qodef-m-text\">Read more<\/span>            <span class=\"qodef-m-icon\"> <span class=\"qodef-icon-linear-icons lnr-arrow-right lnr\" ><\/span> <\/span>        <\/a>\t<\/div>\n\t\t\t\t<\/div>\n\t\t\t<\/div>\n\t\t<\/div>\n\t<\/div>\n<\/article>\n\t<\/div>\n\t\t<div class=\"qodef-m-pagination qodef--standard\">\n\t\t<div class=\"qodef-m-pagination-inner\">\n\t\t\t<nav class=\"qodef-m-pagination-items\">\n\t\t\t\t<a class=\"qodef-m-pagination-item qodef--prev qodef--hide\" href=\"#\" data-paged=\"1\">\n\t\t\t\t\t<svg  xmlns=\"http:\/\/www.w3.org\/2000\/svg\" xmlns:xlink=\"http:\/\/www.w3.org\/1999\/xlink\" x=\"0px\" y=\"0px\" width=\"22.25px\" height=\"41.25px\" viewbox=\"0 0 22.25 41.25\" enable-background=\"new 0 0 22.25 41.25\" xml:space=\"preserve\"><polyline fill=\"none\" stroke=\"#000000\" stroke-linecap=\"round\" stroke-linejoin=\"round\" stroke-miterlimit=\"10\" points=\"21.67,5.45 21.67,0.67 0.67,20.67 21.67,40.67 21.67,35.88 \"\/><\/svg>\t\t\t\t<\/a>\n\t\t\t\t\t\t\t\t\t<a class=\"qodef-m-pagination-item qodef--number qodef--number-1 qodef--active qodef-prev--hidden\" href=\"#\" data-paged=\"1\">1<\/a>\n\t\t\t\t\t\t\t\t\t\t\t\t\t\t<a class=\"qodef-m-pagination-item qodef--number qodef--number-2\" href=\"#\" data-paged=\"2\">2<\/a>\n\t\t\t\t\t\t\t\t\t\t\t\t\t\t<a class=\"qodef-m-pagination-item qodef--number qodef--number-3 qodef--hide\" href=\"#\" data-paged=\"3\">3<\/a>\n\t\t\t\t\t<span class=\"qodef-m-pagination-item qodef--dots\">&hellip;<\/span>\t\t\t\t\t\t\t\t\t<a class=\"qodef-m-pagination-item qodef--number qodef--number-4\" href=\"#\" data-paged=\"4\">4<\/a>\n\t\t\t\t\t\t\t\t\t\t\t\t\t<a class=\"qodef-m-pagination-item qodef--next\" href=\"#\" data-paged=\"2\">\n\t\t\t\t\t<svg  xmlns=\"http:\/\/www.w3.org\/2000\/svg\" xmlns:xlink=\"http:\/\/www.w3.org\/1999\/xlink\" x=\"0px\" y=\"0px\" width=\"22.25px\" height=\"41.25px\" viewbox=\"0 0 22.25 41.25\" enable-background=\"new 0 0 22.25 41.25\" xml:space=\"preserve\"><polyline fill=\"none\" stroke=\"#000000\" stroke-linecap=\"round\" stroke-linejoin=\"round\" stroke-miterlimit=\"10\" points=\"0.67,5.45 0.67,0.67 21.67,20.67 0.67,40.67 0.67,35.88 \"\/><\/svg>\t\t\t\t<\/a>\n\t\t\t<\/nav>\n\t\t<\/div>\n\t<\/div>\n\t<svg class=\"qodef-m-pagination-spinner\" xmlns=\"http:\/\/www.w3.org\/2000\/svg\" width=\"512\" height=\"512\" viewbox=\"0 0 512 512\"><path d=\"M304 48c0 26.51-21.49 48-48 48s-48-21.49-48-48 21.49-48 48-48 48 21.49 48 48zm-48 368c-26.51 0-48 21.49-48 48s21.49 48 48 48 48-21.49 48-48-21.49-48-48-48zm208-208c-26.51 0-48 21.49-48 48s21.49 48 48 48 48-21.49 48-48-21.49-48-48-48zM96 256c0-26.51-21.49-48-48-48S0 229.49 0 256s21.49 48 48 48 48-21.49 48-48zm12.922 99.078c-26.51 0-48 21.49-48 48s21.49 48 48 48 48-21.49 48-48c0-26.509-21.491-48-48-48zm294.156 0c-26.51 0-48 21.49-48 48s21.49 48 48 48 48-21.49 48-48c0-26.509-21.49-48-48-48zM108.922 60.922c-26.51 0-48 21.49-48 48s21.49 48 48 48 48-21.49 48-48-21.491-48-48-48z\"><\/path><\/svg><\/div>\n\t\t<\/div>\n\t\t\t\t<\/div>\n\t\t\t\t\t<\/div>\n\t\t<\/div>\n\t\t\t\t\t\t\t<\/div>\n\t\t<\/section>\n\t\t\t\t\t\t\t<\/div>","protected":false},"excerpt":{"rendered":"<p>NEWS MEDYACHT NEWS &amp; PRESSE 11 d\u00e9cembre 2023Presse Le Day-Boat de Luxe \u00e0 la Fran\u00e7aise D\u00e9couvrez en avant-premi\u00e8re les premiers essais du Med 42, le magazine Neptune a consacr\u00e9 dans son num\u00e9ro 299 le d\u00e9tail des performances de ce nouveau day-boat. Read More 11 d\u00e9cembre 2023Presse MedYacht, un Succ\u00e8s Fran\u00e7ais Le magazine Neptune a publi\u00e9 [&hellip;]<\/p>","protected":false},"author":1,"featured_media":0,"parent":0,"menu_order":0,"comment_status":"closed","ping_status":"closed","template":"","meta":{"footnotes":""},"class_list":["post-174","page","type-page","status-publish","hentry"],"yoast_head":"<!-- This site is optimized with the Yoast SEO plugin v21.9.1 - https:\/\/yoast.com\/wordpress\/plugins\/seo\/ -->\n<title>Suivez l&#039;actualit\u00e9 de la marque MED - MEDYACHT<\/title>\n<meta name=\"description\" content=\"Les m\u00e9dias parlent de la marque MED ! D\u00e9couvrez les actualit\u00e9s et la presse parues dans les journaux \u00e0 Saint-Tropez et Marseille.\" \/>\n<meta name=\"robots\" content=\"noindex, follow, max-snippet:-1, max-image-preview:large, max-video-preview:-1\" \/>\n<meta property=\"og:locale\" content=\"en_GB\" \/>\n<meta property=\"og:type\" content=\"article\" \/>\n<meta property=\"og:title\" content=\"Suivez l&#039;actualit\u00e9 de la marque MED - MEDYACHT\" \/>\n<meta property=\"og:description\" content=\"Les m\u00e9dias parlent de la marque MED ! D\u00e9couvrez les actualit\u00e9s et la presse parues dans les journaux \u00e0 Saint-Tropez et Marseille.\" \/>\n<meta property=\"og:url\" content=\"https:\/\/www.mediaco48.com\/en\/news-presse\/\" \/>\n<meta property=\"og:site_name\" content=\"med_xperience\" \/>\n<meta property=\"article:modified_time\" content=\"2023-12-11T14:20:40+00:00\" \/>\n<meta property=\"og:image\" content=\"https:\/\/www.mediaco48.com\/wp-content\/uploads\/2021\/07\/day-boat-luxe-francaise-1.webp\" \/>\n<meta name=\"twitter:card\" content=\"summary_large_image\" \/>\n<meta name=\"twitter:label1\" content=\"Estimated reading time\" \/>\n\t<meta name=\"twitter:data1\" content=\"3 minutes\" \/>\n<script type=\"application\/ld+json\" class=\"yoast-schema-graph\">{\"@context\":\"https:\/\/schema.org\",\"@graph\":[{\"@type\":\"WebPage\",\"@id\":\"https:\/\/www.mediaco48.com\/news-presse\/\",\"url\":\"https:\/\/www.mediaco48.com\/news-presse\/\",\"name\":\"Suivez l'actualit\u00e9 de la marque MED - MEDYACHT\",\"isPartOf\":{\"@id\":\"https:\/\/www.mediaco48.com\/#website\"},\"datePublished\":\"2021-07-21T15:56:02+00:00\",\"dateModified\":\"2023-12-11T14:20:40+00:00\",\"description\":\"Les m\u00e9dias parlent de la marque MED ! D\u00e9couvrez les actualit\u00e9s et la presse parues dans les journaux \u00e0 Saint-Tropez et Marseille.\",\"breadcrumb\":{\"@id\":\"https:\/\/www.mediaco48.com\/news-presse\/#breadcrumb\"},\"inLanguage\":\"en-GB\",\"potentialAction\":[{\"@type\":\"ReadAction\",\"target\":[\"https:\/\/www.mediaco48.com\/news-presse\/\"]}]},{\"@type\":\"BreadcrumbList\",\"@id\":\"https:\/\/www.mediaco48.com\/news-presse\/#breadcrumb\",\"itemListElement\":[{\"@type\":\"ListItem\",\"position\":1,\"name\":\"Accueil\",\"item\":\"https:\/\/www.mediaco48.com\/\"},{\"@type\":\"ListItem\",\"position\":2,\"name\":\"News &#038; Presse\"}]},{\"@type\":\"WebSite\",\"@id\":\"https:\/\/www.mediaco48.com\/#website\",\"url\":\"https:\/\/www.mediaco48.com\/\",\"name\":\"med_xperience\",\"description\":\"\",\"publisher\":{\"@id\":\"https:\/\/www.mediaco48.com\/#organization\"},\"potentialAction\":[{\"@type\":\"SearchAction\",\"target\":{\"@type\":\"EntryPoint\",\"urlTemplate\":\"https:\/\/www.mediaco48.com\/?s={search_term_string}\"},\"query-input\":\"required name=search_term_string\"}],\"inLanguage\":\"en-GB\"},{\"@type\":\"Organization\",\"@id\":\"https:\/\/www.mediaco48.com\/#organization\",\"name\":\"med_xperience\",\"url\":\"https:\/\/www.mediaco48.com\/\",\"logo\":{\"@type\":\"ImageObject\",\"inLanguage\":\"en-GB\",\"@id\":\"https:\/\/www.mediaco48.com\/#\/schema\/logo\/image\/\",\"url\":\"\",\"contentUrl\":\"\",\"caption\":\"med_xperience\"},\"image\":{\"@id\":\"https:\/\/www.mediaco48.com\/#\/schema\/logo\/image\/\"}}]}<\/script>\n<!-- \/ Yoast SEO plugin. -->","yoast_head_json":{"title":"Suivez l'actualit\u00e9 de la marque MED - MEDYACHT","description":"Les m\u00e9dias parlent de la marque MED ! D\u00e9couvrez les actualit\u00e9s et la presse parues dans les journaux \u00e0 Saint-Tropez et Marseille.","robots":{"index":"noindex","follow":"follow","max-snippet":"max-snippet:-1","max-image-preview":"max-image-preview:large","max-video-preview":"max-video-preview:-1"},"og_locale":"en_GB","og_type":"article","og_title":"Suivez l'actualit\u00e9 de la marque MED - MEDYACHT","og_description":"Les m\u00e9dias parlent de la marque MED ! D\u00e9couvrez les actualit\u00e9s et la presse parues dans les journaux \u00e0 Saint-Tropez et Marseille.","og_url":"https:\/\/www.mediaco48.com\/en\/news-presse\/","og_site_name":"med_xperience","article_modified_time":"2023-12-11T14:20:40+00:00","og_image":[{"url":"https:\/\/www.mediaco48.com\/wp-content\/uploads\/2021\/07\/day-boat-luxe-francaise-1.webp"}],"twitter_card":"summary_large_image","twitter_misc":{"Estimated reading time":"3 minutes"},"schema":{"@context":"https:\/\/schema.org","@graph":[{"@type":"WebPage","@id":"https:\/\/www.mediaco48.com\/news-presse\/","url":"https:\/\/www.mediaco48.com\/news-presse\/","name":"Suivez l'actualit\u00e9 de la marque MED - MEDYACHT","isPartOf":{"@id":"https:\/\/www.mediaco48.com\/#website"},"datePublished":"2021-07-21T15:56:02+00:00","dateModified":"2023-12-11T14:20:40+00:00","description":"Les m\u00e9dias parlent de la marque MED ! D\u00e9couvrez les actualit\u00e9s et la presse parues dans les journaux \u00e0 Saint-Tropez et Marseille.","breadcrumb":{"@id":"https:\/\/www.mediaco48.com\/news-presse\/#breadcrumb"},"inLanguage":"en-GB","potentialAction":[{"@type":"ReadAction","target":["https:\/\/www.mediaco48.com\/news-presse\/"]}]},{"@type":"BreadcrumbList","@id":"https:\/\/www.mediaco48.com\/news-presse\/#breadcrumb","itemListElement":[{"@type":"ListItem","position":1,"name":"Accueil","item":"https:\/\/www.mediaco48.com\/"},{"@type":"ListItem","position":2,"name":"News &#038; Presse"}]},{"@type":"WebSite","@id":"https:\/\/www.mediaco48.com\/#website","url":"https:\/\/www.mediaco48.com\/","name":"med_xperience","description":"","publisher":{"@id":"https:\/\/www.mediaco48.com\/#organization"},"potentialAction":[{"@type":"SearchAction","target":{"@type":"EntryPoint","urlTemplate":"https:\/\/www.mediaco48.com\/?s={search_term_string}"},"query-input":"required name=search_term_string"}],"inLanguage":"en-GB"},{"@type":"Organization","@id":"https:\/\/www.mediaco48.com\/#organization","name":"med_xperience","url":"https:\/\/www.mediaco48.com\/","logo":{"@type":"ImageObject","inLanguage":"en-GB","@id":"https:\/\/www.mediaco48.com\/#\/schema\/logo\/image\/","url":"","contentUrl":"","caption":"med_xperience"},"image":{"@id":"https:\/\/www.mediaco48.com\/#\/schema\/logo\/image\/"}}]}},"_links":{"self":[{"href":"https:\/\/www.mediaco48.com\/en\/wp-json\/wp\/v2\/pages\/174","targetHints":{"allow":["GET"]}}],"collection":[{"href":"https:\/\/www.mediaco48.com\/en\/wp-json\/wp\/v2\/pages"}],"about":[{"href":"https:\/\/www.mediaco48.com\/en\/wp-json\/wp\/v2\/types\/page"}],"author":[{"embeddable":true,"href":"https:\/\/www.mediaco48.com\/en\/wp-json\/wp\/v2\/users\/1"}],"replies":[{"embeddable":true,"href":"https:\/\/www.mediaco48.com\/en\/wp-json\/wp\/v2\/comments?post=174"}],"version-history":[{"count":0,"href":"https:\/\/www.mediaco48.com\/en\/wp-json\/wp\/v2\/pages\/174\/revisions"}],"wp:attachment":[{"href":"https:\/\/www.mediaco48.com\/en\/wp-json\/wp\/v2\/media?parent=174"}],"curies":[{"name":"wp","href":"https:\/\/api.w.org\/{rel}","templated":true}]}}